{"id":36,"date":"2019-04-18T14:55:12","date_gmt":"2019-04-18T12:55:12","guid":{"rendered":"https:\/\/www.panexio.com\/datenschutz\/"},"modified":"2022-12-19T13:36:30","modified_gmt":"2022-12-19T12:36:30","slug":"datenschutz","status":"publish","type":"page","link":"https:\/\/www.panexio.com\/de\/datenschutz\/","title":{"rendered":"Datenschutz"},"content":{"rendered":"\n<h2 class=\"wp-block-heading\">I. Name und Anschrift des Verantwortlichen<\/h2>\n\n\n\n<p>Der Verantwortliche im Sinne der Datenschutz-Grundverordnung (DSGVO) ist:<br>Reinhard Andreas Pfefferkorn, BBA MA<br>Kurtiviel 4, 6700 Bludenz, \u00d6sterreich<br>Telefon +43 664 35 20 291<br>E-Mail: solutions@panexio.com<br>Webseite: www.panexio.com<\/p>\n\n\n\n<h2 class=\"wp-block-heading\">II. Allgemeines zur Datenverarbeitung<\/h2>\n\n\n\n<h3 class=\"wp-block-heading\">1. Umfang der Verarbeitung personenbezogener Daten<\/h3>\n\n\n\n<p>Unsere Verarbeitung personenbezogener Daten unserer Nutzer\nbeschr\u00e4nkt sich auf jene Daten, die zur Bereitstellung einer funktionsf\u00e4higen\nInternetseite sowie unserer Inhalte und Leistungen erforderlich sind. Die\nVerarbeitung personenbezogener Daten unserer Nutzer erfolgt ausschlie\u00dflich im\nFall Ihrer Einwilligung bzw. nur zu den mit Ihnen vereinbarten Zwecken oder\nwenn eine sonstige rechtliche Grundlage (im Sinn der DSGVO) vorliegt. Es werden\nnur solche personenbezogenen Daten erhoben, die f\u00fcr die Durchf\u00fchrung und\nAbwicklung unserer Aufgaben und Leistungen tats\u00e4chlich erforderlich sind oder\ndie Sie uns freiwillig zur Verf\u00fcgung gestellt haben.<\/p>\n\n\n\n<h3 class=\"wp-block-heading\">2. Ihre Rechte (Betroffenenrechte)<\/h3>\n\n\n\n<p>Sie haben das Recht, Auskunft \u00fcber Ihre von uns\nverarbeiteten oder gespeicherten personenbezogenen Daten zu verlangen.\nInsbesondere k\u00f6nnen Sie Auskunft \u00fcber die Verarbeitungszwecke, die Kategorien\nder personenbezogenen Daten, die Kategorien von Empf\u00e4ngern, gegen\u00fcber denen\nIhre Daten offengelegt wurden oder werden, die geplante Speicherdauer, das\nBestehen eines Rechts auf Berichtigung, Sperrung oder L\u00f6schung, Einschr\u00e4nkung\nder Verarbeitung oder Widerspruch, Daten\u00fcbertragung (sofern im Fall der\nDaten\u00fcbertragung nicht ein unverh\u00e4ltnism\u00e4\u00dfiger Aufwand verursacht wird) , die\nHerkunft Ihrer Daten, sofern diese nicht bei uns erhoben wurden, sowie \u00fcber das\nBestehen einer automatisierten Entscheidungsfindung einschlie\u00dflich Profiling\nverlangen.<\/p>\n\n\n\n<p>Sie haben auch das Recht, eine allenfalls erteilte\nEinwilligung zur Nutzung Ihrer personenbezogenen Daten jederzeit zu widerrufen.\nZur Geltendmachung der Ihnen zustehenden Betroffenenrechte (Auskunft, L\u00f6schung,\nBerichtigung, Widerspruch und\/oder Daten\u00fcbertragung) wenden Sie sich an die\nunter Punkt I. n\u00e4her bezeichnete Person (Reinhard Andreas Pfefferkorn, BBA MA).<\/p>\n\n\n\n<p>Sofern Sie der Auffassung sind, dass die Verarbeitung Ihrer\npersonenbezogenen Daten durch uns im Widerspruch zu den geltenden\nDatenschutzbestimmungen steht oder Ihre datenschutzrechtlichen Anspr\u00fcche in\neiner anderen Weise verletzt worden sind, haben Sie die M\u00f6glichkeit, sich bei\nder Datenschutzstelle zu beschweren. Das ist in \u00d6sterreich die\nDatenschutzbeh\u00f6rde, 1030 Wien, Barichgasse 40-42 (www.dsb.gv.at).<\/p>\n\n\n\n<h2 class=\"wp-block-heading\">III. Beschreibung und Umfang der Datenverarbeitung<\/h2>\n\n\n\n<h3 class=\"wp-block-heading\">1. Bereitstellung der Webseite<\/h3>\n\n\n\n<p>Bei jedem Aufruf unserer Internetseite erfasst unser\nWebserver in sogenannten Server-Log Files automatisiert Daten und Informationen\nvom Computersystem des aufrufenden Rechners. Folgende Daten werden hierbei\nerhoben:<\/p>\n\n\n\n<ul class=\"wp-block-list\">\n<li>Browsertyp und Browserversion<\/li>\n\n\n\n<li>verwendetes Betriebssystem<\/li>\n\n\n\n<li>Referrer URL<\/li>\n\n\n\n<li>IP-Adresse\/Hostname des zugreifenden Rechners<\/li>\n\n\n\n<li>Uhrzeit der Serveranfrage<\/li>\n<\/ul>\n\n\n\n<p>Dies dient zur technischen Optimierung und Datensicherheit.\nDie Informationen sind pseudonymisiert abgelegt und k\u00f6nnen unsererseits daher\nnicht bestimmten Personen zugeordnet werden. Diese Informationen werden f\u00fcr\neine Webseitenzugriffsstatistik ausgewertet und langfristig gespeichert.<\/p>\n\n\n\n<h3 class=\"wp-block-heading\">2. Google Analytics<\/h3>\n\n\n\n<p>Auf unserer Webseite wird \u201eGoogle Analytics\u201d, ein\nWebanalysedienst der Google Inc., 1600 Amphitheatre Parkway, Mountain View, CA\n94.043 USA, zur Auswertung der Webseitenbenutzung eingesetzt. Google Analytics\nverwendet Cookies (siehe Pkt. 3.), die auf Ihrem Computer gespeichert werden.<\/p>\n\n\n\n<p>Die darin enthaltenen Informationen \u00fcber die Webseite- und\nInternetnutzung des Besuchers k\u00f6nnen von Google verarbeitet und ausgewertet\nwerden. Die von Google erhobenen Daten werden gegebenenfalls von Google in\nStaaten ausserhalb der EU und des EWR, insbesondere die USA, \u00fcbermittelt.\nGoogle hat sich jedoch dem Privacy Shield Framework unterworfen. N\u00e4here\nInformationen zu Ihren Rechten daraus finden Sie unter\nhttp:\/\/ec.europa.eu\/justice\/dataprotection\/document\/citizens-guide_en.pdf.<\/p>\n\n\n\n<p>Wir setzen au\u00dferdem \u201eGoogle Signals\u201c ein. Dabei nutzt Google\nein sogenanntes \u201eCross Device Tracking\u201c. Damit k\u00f6nnen Websitebesuche eines\neinzelnen Besuchers mit verschiedenen Endger\u00e4ten diesem einen Besucher zugeordnet\nwerden, sofern er sich bei den Sessions in einen Google-Dienst eingeloggt hat\nund zugleich in seinen Google-Konto-Einstellungen die Option \u201epersonalisierte\nWerbung\u201c aktiviert hat. Dadurch werden uns keine personenbezogenen Daten oder\nNutzerprofile zug\u00e4nglich. Wenn Sie die Nutzung von \u201eSignals\u201c nicht w\u00fcnschen,\nk\u00f6nnen Sie in Ihren Google-Konto-Einstellungen die Option \u201epersonalisierte\nWerbung\u201c deaktivieren.<\/p>\n\n\n\n<p>Zus\u00e4tzlich stellen wir sicher, dass Ihre IP-Adresse vor der\n\u00dcbertragung an Google anonymisiert wird.<\/p>\n\n\n\n<p>Weitere Informationen zur Datenverwendung durch Google\nentnehmen Sie bitte hier: https:\/\/www.google.com\/intl\/de\/policies\/privacy\/<\/p>\n\n\n\n<p>Rechtsgrundlage f\u00fcr die Verwendung von Google Analytics ist\nArt. 6 Abs. 1 S. 1 lit. f DSGVO.<\/p>\n\n\n\n<h3 class=\"wp-block-heading\">3. Cookies<\/h3>\n\n\n\n<p>Wir verwenden auf unserer Webseite Cookies, um damit unser\nAngebot nutzerfreundlich zu gestalten. Cookies sind kleine Dateien, die Ihr\nBrowser automatisch erstellt und die auf Ihrem Endger\u00e4t (Laptop, Tablet,\nSmartphone etc.) gespeichert werden, wenn Sie unsere Seite besuchen. Die\nCookies bleiben so lange gespeichert, bis Sie diese l\u00f6schen. Dadurch k\u00f6nnen wir\nIhren Browser beim n\u00e4chsten Besuch wiedererkennen.<\/p>\n\n\n\n<p>Sollten Sie dies nicht w\u00fcnschen, k\u00f6nnen Sie Ihren Browser so\neinrichten, dass er Sie \u00fcber das Setzen von Cookies informiert und Sie diese im\nEinzelfall erlauben. Wir weisen Sie allerdings darauf hin, dass eine\nDeaktivierung dazu f\u00fchrt, dass Sie nicht alle Funktionen unserer Webseite\nnutzen k\u00f6nnen.<\/p>\n\n\n\n<p>Rechtsgrundlage f\u00fcr die durch Cookies verarbeiteten Daten\nist Art. 6 Abs. 1 S. 1 lit. f DSGVO.<\/p>\n\n\n\n<p>Die Cookies behalten f\u00fcr unbestimmte Zeit ihre G\u00fcltigkeit\nund werden anschlie\u00dfend durch Ihren Browser gel\u00f6scht.<\/p>\n\n\n\n<h3 class=\"wp-block-heading\">4. Kontaktformular &amp; E-Mail Kontakt<\/h3>\n\n\n\n<p>F\u00fcllen Sie ein Kontaktformular aus oder senden Sie uns eine\nMail oder eine sonstige elektronische Nachricht, werden Ihre Angaben nur f\u00fcr\ndie Bearbeitung der Anfrage, m\u00f6gliche damit zusammenh\u00e4ngende weitere Fragen,\ngespeichert und nur im Rahmen der Anfrage verwendet.<\/p>\n\n\n\n<p>Rechtsgrundlage f\u00fcr die Bearbeitung Ihrer Anfrage ist Art. 6\nAbs. 1 S. 1 lit. b DSGVO.<\/p>\n\n\n\n<p>Wir werden Ihre E-Mail-Adresse nach Erledigung Ihrer Anfrage\nl\u00f6schen.<\/p>\n\n\n\n<h3 class=\"wp-block-heading\">5. Newsletter<\/h3>\n\n\n\n<p>Mit der Anmeldung zum Newsletter best\u00e4tigen Sie, dass Sie\nunsere Datenschutzerkl\u00e4rung zur Kenntnis genommen haben. Ihre Daten werden auf\ndem Server unseres Mailing-Service-Providers gespeichert und werden\nausschlie\u00dflich f\u00fcr den Versand der Newsletter verwendet. Das \u00d6ffnungs- und\nKlickverhalten der Newsletter-Empf\u00e4nger werden durch ein Trackingsystem\nausgewertet. Das Newsletter-Abo kann jederzeit ohne Begr\u00fcndung beenden werden.\nKlicken Sie dazu auf den Abmeldelink im Newsletter oder senden Sie ein E-Mail\nan solutions@panexio.com. F\u00fcr die Verarbeitung der Daten ist alleinig der\nMedieninhaber verantwortlich. Im Rahmen des Versands von Newsletters\nverarbeiten wir nur Ihren Namen und Ihre E-Mail-Adresse. Diese Informationen\nwerden vom Medieninhaber nicht an Dritte weitergegeben und bleiben auch nur\nsolange gespeichert, solange Sie die Zusendung von Newsletters w\u00fcnschen. Die\nBereitstellung Ihrer Daten ist weder gesetzlich noch vertraglich\nvorgeschrieben, sondern dient lediglich dazu, dass Sie den Newsletter in\nweiterer Folge erhalten. Sie sind nicht verpflichtet, uns Ihre Daten\nbereitzustellen. Wir weisen jedoch darauf hin, dass wir Ihnen als Konsequenz\neiner Nichtbereitstellung keine Newsletter oder Nachrichten \u00fcbermitteln k\u00f6nnen.<\/p>\n\n\n\n<h2 class=\"wp-block-heading\">IV. Datensicherheit<\/h2>\n\n\n\n<h3 class=\"wp-block-heading\">1. Verwendung von Daten<\/h3>\n\n\n\n<p>Die uns zur Verf\u00fcgung gestellten Daten werden nicht f\u00fcr\nandere Zwecke als durch das Auftragsverh\u00e4ltnis oder durch Ihre Einwilligung\noder sonst durch eine Bestimmung im Einklang mit der DSGVO gesteckte Zwecke\nverarbeitet. Davon ausgenommen ist die Nutzung f\u00fcr statistische Zwecke, sofern\ndie zur Verf\u00fcgung gestellten Daten anonymisiert wurden.<\/p>\n\n\n\n<h3 class=\"wp-block-heading\">2. SSL-Verschl\u00fcsselung<\/h3>\n\n\n\n<p>Wir verwenden innerhalb des Webseite-Besuchs das verbreitete\nTLS-Verfahren in Verbindung mit der jeweils h\u00f6chsten Verschl\u00fcsselungsstufe, die\nvon Ihrem Browser unterst\u00fctzt wird. Ob eine einzelne Seite unseres\nInternetauftrittes verschl\u00fcsselt \u00fcbertragen wird, erkennen Sie an der geschlossenen\nDarstellung des Sch\u00fcssel- beziehungsweise Schloss-Symbols in der Adressleiste\nIhres Browsers.<\/p>\n\n\n\n<p>Dar\u00fcber hinaus wenden wir weitere geeignete technische und\norganisatorische Sicherheitsmassnahmen an, um Ihre Daten gegen zuf\u00e4llige oder\nvors\u00e4tzliche Manipulationen, teilweisen oder vollst\u00e4ndigen Verlust, Zerst\u00f6rung\noder gegen den unbefugten Zugriff Dritter zu sch\u00fctzen (Schutz gegen\nmissbr\u00e4uchliche Verwendung sowohl von Innen als auch von au\u00dfen, etwa durch\nFirewalls, Verschl\u00fcsselungen, Zugriffsberechtigungen, etc.). Unsere\nSicherheitsmassnahmen werden entsprechend der technologischen Entwicklung\nfortlaufend verbessert.<\/p>\n\n\n\n<p>Es kann jedoch nicht ausgeschlossen werden, dass durch von\nuns nicht verursachte Fehler bei der Daten\u00fcbertragung oder auch unautorisiertem\nZugriff durch Dritte (Hacker, etc.) Informationen von anderen Personen\neingesehen oder genutzt werden. Daf\u00fcr \u00fcbernehmen wir keine Haftung, sofern\ndiese missbr\u00e4uchliche Verwendung nicht von uns schuldhaft verursacht wurde<\/p>\n\n\n\n<h3 class=\"wp-block-heading\">3. An uns gesendete Mails<\/h3>\n\n\n\n<p>Wir machen Sie darauf aufmerksam, dass \u2013 vorbehaltlich einer\nexpliziten Abmachung und Konfiguration \u2013 Mails an uns unverschl\u00fcsselt gesendet\nwerden.<\/p>\n\n\n\n<h2 class=\"wp-block-heading\">V. Weitergabe von Daten<\/h2>\n\n\n\n<p>Grunds\u00e4tzlich stellen wir Ihre personenbezogenen Daten nicht\nanderen zur Verf\u00fcgung. Allerdings ist es zur Erf\u00fcllung Ihres Auftrages oder aus\ngesetzlichen Gr\u00fcnden erforderlich, Ihre Daten an Dritte weiterzuleiten. Dies\nk\u00f6nnen Gerichte, Beh\u00f6rden, Rechtsvertreter oder sonstige beteiligte Dritte\n(auch Auftragsverarbeiter, die f\u00fcr uns t\u00e4tig sind) sein. In diesem Fall erfolgt\ndie Weitergabe Ihrer Daten ausschlie\u00dflich auf Grundlage des DSGVO (aufgrund der\nvon Ihnen erteilten Einwilligung, Erf\u00fcllung eines Vertrages, Erf\u00fcllung einer\nrechtlichen Verpflichtung, etc.). Im Rahmen unserer Beratungst\u00e4tigkeit beziehen\nwir regelm\u00e4\u00dfig auch Informationen von Ihnen von dritter Stelle. Wir weisen auch\ndarauf hin, dass es sein kann, dass wir Ihre personenbezogenen Daten an\nEmpf\u00e4nger (vgl. oben) au\u00dferhalb Ihres Landes \u00fcbermitteln. Wir \u00fcbermitteln Ihre\npersonenbezogenen Daten jedoch nur und ausschlie\u00dflich auf Grundlage der DSGVO\n(angemessenes Datenschutzniveau bzw. das Setzen von Ma\u00dfnahmen, um zu\ngew\u00e4hrleisten, dass alle Empf\u00e4nger ein angemessenes Datenschutzniveau haben).<\/p>\n\n\n\n<h2 class=\"wp-block-heading\">VI. Speichern\/L\u00f6schen von Daten<\/h2>\n\n\n\n<p>Wir bewahren Ihre personenbezogenen Daten nicht l\u00e4nger auf als es f\u00fcr die Zwecke, f\u00fcr die sie verarbeitet werden, erforderlich ist. Die Aufbewahrung der Daten erfolgt auch zu Beweismittelzwecken unter Ber\u00fccksichtigung der Verj\u00e4hrungsfristen bzw. solange eine Inanspruchnahme (Haftung) von uns m\u00f6glich ist. <\/p>\n","protected":false},"excerpt":{"rendered":"<p>I. Name und Anschrift des Verantwortlichen Der Verantwortliche im Sinne der Datenschutz-Grundverordnung (DSGVO) ist:Reinhard Andreas Pfefferkorn, BBA MAKurtiviel 4, 6700 Bludenz, \u00d6sterreichTelefon +43 664 35 20 291E-Mail: solutions@panexio.comWebseite: www.panexio.com II. Allgemeines zur Datenverarbeitung 1. Umfang der Verarbeitung personenbezogener Daten Unsere Verarbeitung personenbezogener Daten unserer Nutzer beschr\u00e4nkt sich auf jene Daten, die zur Bereitstellung einer funktionsf\u00e4higen [&hellip;]<\/p>\n","protected":false},"author":1,"featured_media":0,"parent":0,"menu_order":5,"comment_status":"closed","ping_status":"closed","template":"","meta":{"_seopress_robots_primary_cat":"","_seopress_titles_title":"","_seopress_titles_desc":"","_seopress_robots_index":"yes","_seopress_analysis_target_kw":"","site-sidebar-layout":"default","site-content-layout":"default","ast-site-content-layout":"default","site-content-style":"default","site-sidebar-style":"default","ast-global-header-display":"","ast-banner-title-visibility":"","ast-main-header-display":"","ast-hfb-above-header-display":"","ast-hfb-below-header-display":"","ast-hfb-mobile-header-display":"","site-post-title":"","ast-breadcrumbs-content":"","ast-featured-img":"","footer-sml-layout":"","ast-disable-related-posts":"","theme-transparent-header-meta":"default","adv-header-id-meta":"","stick-header-meta":"default","header-above-stick-meta":"","header-main-stick-meta":"","header-below-stick-meta":"","astra-migrate-meta-layouts":"default","ast-page-background-enabled":"default","ast-page-background-meta":{"desktop":{"background-color":"","background-image":"","background-repeat":"repeat","background-position":"center center","background-size":"auto","background-attachment":"scroll","background-type":"","background-media":"","overlay-type":"","overlay-color":"","overlay-opacity":"","overlay-gradient":""},"tablet":{"background-color":"","background-image":"","background-repeat":"repeat","background-position":"center center","background-size":"auto","background-attachment":"scroll","background-type":"","background-media":"","overlay-type":"","overlay-color":"","overlay-opacity":"","overlay-gradient":""},"mobile":{"background-color":"","background-image":"","background-repeat":"repeat","background-position":"center center","background-size":"auto","background-attachment":"scroll","background-type":"","background-media":"","overlay-type":"","overlay-color":"","overlay-opacity":"","overlay-gradient":""}},"ast-content-background-meta":{"desktop":{"background-color":"var(--ast-global-color-5)","background-image":"","background-repeat":"repeat","background-position":"center center","background-size":"auto","background-attachment":"scroll","background-type":"","background-media":"","overlay-type":"","overlay-color":"","overlay-opacity":"","overlay-gradient":""},"tablet":{"background-color":"var(--ast-global-color-5)","background-image":"","background-repeat":"repeat","background-position":"center center","background-size":"auto","background-attachment":"scroll","background-type":"","background-media":"","overlay-type":"","overlay-color":"","overlay-opacity":"","overlay-gradient":""},"mobile":{"background-color":"var(--ast-global-color-5)","background-image":"","background-repeat":"repeat","background-position":"center center","background-size":"auto","background-attachment":"scroll","background-type":"","background-media":"","overlay-type":"","overlay-color":"","overlay-opacity":"","overlay-gradient":""}},"footnotes":""},"class_list":["post-36","page","type-page","status-publish","hentry"],"_links":{"self":[{"href":"https:\/\/www.panexio.com\/de\/wp-json\/wp\/v2\/pages\/36","targetHints":{"allow":["GET"]}}],"collection":[{"href":"https:\/\/www.panexio.com\/de\/wp-json\/wp\/v2\/pages"}],"about":[{"href":"https:\/\/www.panexio.com\/de\/wp-json\/wp\/v2\/types\/page"}],"author":[{"embeddable":true,"href":"https:\/\/www.panexio.com\/de\/wp-json\/wp\/v2\/users\/1"}],"replies":[{"embeddable":true,"href":"https:\/\/www.panexio.com\/de\/wp-json\/wp\/v2\/comments?post=36"}],"version-history":[{"count":6,"href":"https:\/\/www.panexio.com\/de\/wp-json\/wp\/v2\/pages\/36\/revisions"}],"predecessor-version":[{"id":986,"href":"https:\/\/www.panexio.com\/de\/wp-json\/wp\/v2\/pages\/36\/revisions\/986"}],"wp:attachment":[{"href":"https:\/\/www.panexio.com\/de\/wp-json\/wp\/v2\/media?parent=36"}],"curies":[{"name":"wp","href":"https:\/\/api.w.org\/{rel}","templated":true}]}}